{"id":1136,"date":"2025-07-29T12:14:51","date_gmt":"2025-07-29T10:14:51","guid":{"rendered":"https:\/\/thebow.ch\/mentions-legales-et-politique-de-confidentialite\/"},"modified":"2026-04-13T09:52:35","modified_gmt":"2026-04-13T07:52:35","slug":"note-legali-e-informativa-sulla-privacy","status":"publish","type":"page","link":"https:\/\/thebow.ch\/it\/note-legali-e-informativa-sulla-privacy\/","title":{"rendered":"Note legali e informativa sulla privacy"},"content":{"rendered":"\n<h2 class=\"wp-block-heading\">Titolare del sito<\/h2>\n\n<p><strong>Marion Devaud<\/strong><br\/>Rue de la Faucille 11<br\/>1201 Gen\u00e8ve \u2013 Suisse<br\/><\/p>\n\n<h2 class=\"wp-block-heading\">Alloggio <strong> <\/strong><\/h2>\n\n<p>Il sito <a href=\"http:\/\/thebow.ch\">thebow.ch <\/a>\u00e8 ospitato da<br\/><strong>Infomaniak Network SA<\/strong><br\/>Rue Eug\u00e8ne-Marziano 25<br\/>1227 Ginevra \u2013 Svizzera<br\/>N. IDE e partita IVA: CHE-103.167.648<br\/>Telefono: +41 22 820 35 44<\/p>\n\n<h2 class=\"wp-block-heading\">Progettazione e sviluppo del sito web<\/h2>\n\n<div class=\"wp-block-group\"><div class=\"wp-block-group__inner-container is-layout-constrained wp-block-group-is-layout-constrained\">\n<p><strong>O&#8217;Matic Technologies SARL<\/strong><br\/>Esplanade de Pont-Rouge 9A<br\/>1212 Grand-Lancy \u2013 Svizzera<\/p>\n\n\n\n<p><a href=\"mailto:hello@o-matic.ch\">hello@o-matic.ch<\/a><\/p>\n\n\n\n<p><a href=\"https:\/\/o-matic.ch\" target=\"_blank\" rel=\"noopener\">https:\/\/o-matic.ch<\/a><\/p>\n<\/div><\/div>\n\n<h2 class=\"wp-block-heading\">Informativa sulla privacy<\/h2>\n\n<h3 class=\"wp-block-heading\">Esclusione di responsabilit\u00e0<\/h3>\n\n<p>Marion Devaud non fornisce alcuna garanzia in merito all&#8217;esattezza, alla precisione, alla tempestivit\u00e0, all&#8217;affidabilit\u00e0 e alla completezza delle informazioni. Sono escluse rivendicazioni di responsabilit\u00e0 nei confronti dell&#8217;autore per danni di natura materiale o immateriale derivanti dall&#8217;accesso, dall&#8217;utilizzo o dal mancato utilizzo delle informazioni pubblicate, nonch\u00e9 da un uso improprio della connessione o da difetti tecnici. <\/p>\n\n<p><br\/>Tutte le offerte sono senza impegno. Marion Devaud si riserva il diritto di modificare alcune parti o l&#8217;intera offerta senza preavviso, nonch\u00e9 di aggiungere, eliminare o sospendere la pubblicazione in via temporanea o definitiva. <\/p>\n\n<h3 class=\"wp-block-heading\">Responsabilit\u00e0 per i link<\/h3>\n\n<p>Marion Devaud declina ogni responsabilit\u00e0 o garanzia in merito ai contenuti dei siti Internet a cui rimandiamo direttamente o indirettamente. L&#8217;accesso e l&#8217;utilizzo di tali siti Internet avvengono a rischio e pericolo dell&#8217;utente. <\/p>\n\n<h3 class=\"wp-block-heading\">Diritti d&#8217;autore<\/h3>\n\n<p>I diritti d&#8217;autore e gli altri diritti relativi a testi, illustrazioni, fotografie o altri file presenti sul sito sono di propriet\u00e0 esclusiva della societ\u00e0 o dei titolari indicati. Per qualsiasi riproduzione \u00e8 necessario ottenere preventivamente il consenso scritto del titolare del diritto d&#8217;autore. <\/p>\n\n<h3 class=\"wp-block-heading\">Protezione dei dati<\/h3>\n\n<p>Ai sensi dell&#8217;articolo 13 della Costituzione federale svizzera e delle disposizioni in materia di protezione dei dati (Legge federale sulla protezione dei dati, LPD), ogni persona ha diritto alla privacy e alla protezione contro l&#8217;uso improprio dei propri dati personali. Rispettiamo tali disposizioni. I dati personali sono strettamente riservati e non vengono venduti n\u00e9 divulgati a terzi. In stretta collaborazione con il nostro provider di hosting, ci impegniamo al massimo per proteggere i database da accessi esterni, perdita di dati, uso improprio o falsificazione.   <\/p>\n\n<p><br\/>Quando accedete al nostro sito web, nei file di log vengono memorizzati i seguenti dati: indirizzo IP, data, ora, richiesta del browser e informazioni generali relative al sistema operativo o al browser. Questi dati di utilizzo costituiscono la base per analisi statistiche anonime, che consentono di individuare tendenze grazie alle quali possiamo migliorare i nostri servizi <\/p>\n","protected":false},"excerpt":{"rendered":"<p>Titolare del sito Marion DevaudRue de la Faucille 111201 Gen\u00e8ve \u2013 Suisse Alloggio Il sito thebow.ch \u00e8 ospitato daInfomaniak Network SARue Eug\u00e8ne-Marziano 251227 Ginevra \u2013 SvizzeraN. IDE e partita IVA: CHE-103.167.648Telefono: +41 22 820 35 44 Progettazione e sviluppo del sito web O&#8217;Matic Technologies SARLEsplanade de Pont-Rouge 9A1212 Grand-Lancy \u2013 Svizzera hello@o-matic.ch https:\/\/o-matic.ch Informativa sulla [&hellip;]<\/p>\n","protected":false},"author":2,"featured_media":0,"parent":0,"menu_order":0,"comment_status":"closed","ping_status":"closed","template":"","meta":{"footnotes":""},"class_list":["post-1136","page","type-page","status-publish","hentry"],"_links":{"self":[{"href":"https:\/\/thebow.ch\/it\/wp-json\/wp\/v2\/pages\/1136","targetHints":{"allow":["GET"]}}],"collection":[{"href":"https:\/\/thebow.ch\/it\/wp-json\/wp\/v2\/pages"}],"about":[{"href":"https:\/\/thebow.ch\/it\/wp-json\/wp\/v2\/types\/page"}],"author":[{"embeddable":true,"href":"https:\/\/thebow.ch\/it\/wp-json\/wp\/v2\/users\/2"}],"replies":[{"embeddable":true,"href":"https:\/\/thebow.ch\/it\/wp-json\/wp\/v2\/comments?post=1136"}],"version-history":[{"count":2,"href":"https:\/\/thebow.ch\/it\/wp-json\/wp\/v2\/pages\/1136\/revisions"}],"predecessor-version":[{"id":1144,"href":"https:\/\/thebow.ch\/it\/wp-json\/wp\/v2\/pages\/1136\/revisions\/1144"}],"wp:attachment":[{"href":"https:\/\/thebow.ch\/it\/wp-json\/wp\/v2\/media?parent=1136"}],"curies":[{"name":"wp","href":"https:\/\/api.w.org\/{rel}","templated":true}]}}