{"id":1138,"date":"2025-07-29T12:14:51","date_gmt":"2025-07-29T10:14:51","guid":{"rendered":"https:\/\/thebow.ch\/aviso-legal-y-politica-de-privacidad\/"},"modified":"2026-04-13T09:49:46","modified_gmt":"2026-04-13T07:49:46","slug":"aviso-legal-y-politica-de-privacidad","status":"publish","type":"page","link":"https:\/\/thebow.ch\/es\/aviso-legal-y-politica-de-privacidad\/","title":{"rendered":"Aviso legal y pol\u00edtica de privacidad"},"content":{"rendered":"\n<h2 class=\"wp-block-heading\">Propietario del sitio web<\/h2>\n\n<p><strong>Marion Devaud<\/strong><br\/>Rue de la Faucille 11<br\/>1201 Ginebra \u2013 Suiza<br\/><\/p>\n\n<h2 class=\"wp-block-heading\">Alojamiento <strong> <\/strong><\/h2>\n\n<p>El sitio web <a href=\"http:\/\/thebow.ch\">thebow.ch<\/a> est\u00e1 alojado por<br\/><strong>Infomaniak Network SA<\/strong><br\/>Rue Eug\u00e8ne-Marziano 25<br\/>1227 Ginebra \u2013 Suiza<br\/>N.\u00ba IDE y IVA: CHE-103.167.648<br\/>Tel\u00e9fono: +41 22 820 35 44<\/p>\n\n<h2 class=\"wp-block-heading\">Dise\u00f1o y desarrollo del sitio web<\/h2>\n\n<div class=\"wp-block-group\"><div class=\"wp-block-group__inner-container is-layout-constrained wp-block-group-is-layout-constrained\">\n<p><strong>O&#8217;Matic Technologies SARL<\/strong><br\/>Esplanade de Pont-Rouge 9A<br\/>1212 Grand-Lancy \u2013 Suiza<\/p>\n\n\n\n<p><a href=\"mailto:hello@o-matic.ch\">hello@o-matic.ch<\/a><\/p>\n\n\n\n<p><a href=\"https:\/\/o-matic.ch\" target=\"_blank\" rel=\"noopener\">https:\/\/o-matic.ch<\/a><\/p>\n<\/div><\/div>\n\n<h2 class=\"wp-block-heading\">Pol\u00edtica de privacidad<\/h2>\n\n<h3 class=\"wp-block-heading\">Exenci\u00f3n de responsabilidad<\/h3>\n\n<p>Marion Devaud no ofrece ninguna garant\u00eda en cuanto a la exactitud, precisi\u00f3n, rapidez, fiabilidad y exhaustividad de la informaci\u00f3n. Quedan excluidas las reclamaciones por responsabilidad civil contra el autor de los da\u00f1os, ya sean materiales o inmateriales, que se deriven del acceso, el uso o el no uso de la informaci\u00f3n publicada, as\u00ed como de un uso indebido de la conexi\u00f3n o de defectos t\u00e9cnicos.<\/p>\n\n<p><br\/>Todas las ofertas son sin compromiso. Marion Devaud se reserva el derecho a modificar determinadas partes o la oferta completa sin previo aviso, as\u00ed como a a\u00f1adir, eliminar o suspender la publicaci\u00f3n de forma temporal o definitiva.<\/p>\n\n<h3 class=\"wp-block-heading\">Responsabilidad por los enlaces<\/h3>\n\n<p>Marion Devaud declina toda responsabilidad o garant\u00eda por los contenidos de los sitios web a los que remitimos directa o indirectamente. El acceso y el uso de estos sitios web se realizan por cuenta y riesgo del usuario.<\/p>\n\n<h3 class=\"wp-block-heading\">Derechos de autor<\/h3>\n\n<p>Los derechos de autor y dem\u00e1s derechos relacionados con los textos, ilustraciones, fotograf\u00edas u otros archivos del sitio web son propiedad exclusiva de la empresa o de los propietarios mencionados. Para cualquier reproducci\u00f3n, es necesario obtener previamente el consentimiento por escrito del titular de los derechos de autor.<\/p>\n\n<h3 class=\"wp-block-heading\">Protecci\u00f3n de datos<\/h3>\n\n<p>De conformidad con el art\u00edculo 13 de la Constituci\u00f3n Federal suiza y las disposiciones en materia de protecci\u00f3n de datos (Ley Federal de Protecci\u00f3n de Datos, DSG), toda persona tiene derecho a la intimidad y a la protecci\u00f3n contra el uso indebido de sus datos personales. Cumplimos con estas disposiciones. Los datos personales son estrictamente confidenciales y no se venden ni se revelan a terceros. En estrecha colaboraci\u00f3n con nuestro proveedor de alojamiento web, hacemos todo lo posible por proteger las bases de datos contra cualquier acceso externo, p\u00e9rdida de datos, uso indebido o manipulaci\u00f3n.<\/p>\n\n<p><br\/>Cuando accede a nuestro sitio web, se almacenan los siguientes datos en los archivos de registro: direcci\u00f3n IP, fecha, hora, solicitud del navegador e informaci\u00f3n general sobre el sistema operativo o el navegador. Estos datos de uso sirven de base para realizar evaluaciones estad\u00edsticas an\u00f3nimas, lo que permite identificar tendencias que nos ayudan a mejorar nuestros servicios<\/p>\n","protected":false},"excerpt":{"rendered":"<p>Propietario del sitio web Marion DevaudRue de la Faucille 111201 Ginebra \u2013 Suiza Alojamiento El sitio web thebow.ch est\u00e1 alojado porInfomaniak Network SARue Eug\u00e8ne-Marziano 251227 Ginebra \u2013 SuizaN.\u00ba IDE y IVA: CHE-103.167.648Tel\u00e9fono: +41 22 820 35 44 Dise\u00f1o y desarrollo del sitio web O&#8217;Matic Technologies SARLEsplanade de Pont-Rouge 9A1212 Grand-Lancy \u2013 Suiza hello@o-matic.ch https:\/\/o-matic.ch Pol\u00edtica [&hellip;]<\/p>\n","protected":false},"author":2,"featured_media":0,"parent":0,"menu_order":0,"comment_status":"closed","ping_status":"closed","template":"","meta":{"footnotes":""},"class_list":["post-1138","page","type-page","status-publish","hentry"],"_links":{"self":[{"href":"https:\/\/thebow.ch\/es\/wp-json\/wp\/v2\/pages\/1138","targetHints":{"allow":["GET"]}}],"collection":[{"href":"https:\/\/thebow.ch\/es\/wp-json\/wp\/v2\/pages"}],"about":[{"href":"https:\/\/thebow.ch\/es\/wp-json\/wp\/v2\/types\/page"}],"author":[{"embeddable":true,"href":"https:\/\/thebow.ch\/es\/wp-json\/wp\/v2\/users\/2"}],"replies":[{"embeddable":true,"href":"https:\/\/thebow.ch\/es\/wp-json\/wp\/v2\/comments?post=1138"}],"version-history":[{"count":1,"href":"https:\/\/thebow.ch\/es\/wp-json\/wp\/v2\/pages\/1138\/revisions"}],"predecessor-version":[{"id":1139,"href":"https:\/\/thebow.ch\/es\/wp-json\/wp\/v2\/pages\/1138\/revisions\/1139"}],"wp:attachment":[{"href":"https:\/\/thebow.ch\/es\/wp-json\/wp\/v2\/media?parent=1138"}],"curies":[{"name":"wp","href":"https:\/\/api.w.org\/{rel}","templated":true}]}}