{"id":152,"date":"2025-07-29T12:14:51","date_gmt":"2025-07-29T10:14:51","guid":{"rendered":"https:\/\/thebow.ch\/rechtliche-hinweise-und-geschaeftsbedingungen\/"},"modified":"2025-09-03T16:15:04","modified_gmt":"2025-09-03T14:15:04","slug":"rechtliche-hinweise-und-geschaeftsbedingungen","status":"publish","type":"page","link":"https:\/\/thebow.ch\/de\/rechtliche-hinweise-und-geschaeftsbedingungen\/","title":{"rendered":"Impressum und Datenschutzrichtlinie"},"content":{"rendered":"\n<h2 class=\"wp-block-heading\">Besitzer der Website<\/h2>\n\n<p><strong>Marion Devaud<\/strong><br\/>Rue de la Faucille 11<br\/>1201 Genf \u2013 Schweiz<br\/><\/p>\n\n<h2 class=\"wp-block-heading\">Unterkunft <strong> <\/strong><\/h2>\n\n<p>Die Website <a href=\"http:\/\/thebow.ch\">thebow.ch<\/a> wird gehostet von<br\/><strong>Infomaniak Network SA<\/strong><br\/>Rue Eug\u00e8ne-Marziano 25<br\/>1227 Genf \u2013 Schweiz<br\/>N\u00b0 IDE &amp; TVA : CHE-103.167.648<br\/>Telefon : +41 22 820 35 44<\/p>\n\n<h2 class=\"wp-block-heading\">Design und Entwicklung der Website<\/h2>\n\n<div class=\"wp-block-group\"><div class=\"wp-block-group__inner-container is-layout-constrained wp-block-group-is-layout-constrained\">\n<p><strong>O&#8217;Matic Technologies SARL<br\/><\/strong>Esplanade de Pont-Rouge 9A<br\/>1212 Grand-Lancy \u2013 Schweiz<\/p>\n\n\n\n<p><a href=\"mailto:hello@o-matic.ch\">hello@o-matic.ch<\/a><\/p>\n\n\n\n<p><a href=\"https:\/\/o-matic.ch\" target=\"_blank\" rel=\"noopener\">https:\/\/o-matic.ch<\/a><\/p>\n<\/div><\/div>\n\n<h2 class=\"wp-block-heading\">Datenschutzrichtlinie<\/h2>\n\n<h3 class=\"wp-block-heading\">Ausschluss der Haftung<\/h3>\n\n<p>Marion Devaud \u00fcbernimmt keine Garantie f\u00fcr die Richtigkeit, Genauigkeit, Schnelligkeit, Zuverl\u00e4ssigkeit und Vollst\u00e4ndigkeit der Informationen. Haftungsanspr\u00fcche gegen den Autor wegen Sch\u00e4den materieller oder immaterieller Art, welche aus dem Zugriff oder der Nutzung bzw. Nichtnutzung der ver\u00f6ffentlichten Informationen durch Missbrauch der Verbindung oder durch technische St\u00f6rungen entstanden sind, werden ausgeschlossen.<\/p>\n\n<p><br\/>Alle Angebote sind unverbindlich. Marion Devaud beh\u00e4lt sich das Recht vor, Teile der Seite oder das gesamte Angebot ohne vorherige Ank\u00fcndigung zu ver\u00e4ndern, zu erg\u00e4nzen, zu l\u00f6schen oder die Ver\u00f6ffentlichung zeitweise oder endg\u00fcltig einzustellen.<\/p>\n\n<h3 class=\"wp-block-heading\">Verantwortung f\u00fcr Links<\/h3>\n\n<p>Marion Devaud \u00fcbernimmt keine Haftung oder Garantie f\u00fcr den Inhalt von Internetseiten, auf die wir direkt oder indirekt verweisen. Der Zugang zu und die Nutzung dieser Websites erfolgt auf eigenes Risiko des Nutzers.<\/p>\n\n<h3 class=\"wp-block-heading\">Urheberrechte<\/h3>\n\n<p>Urheberrecht und andere Rechte an Texten, Illustrationen, Fotos oder anderen Dateien auf der Website sind das alleinige Eigentum des Unternehmens oder der genannten Eigent\u00fcmer. F\u00fcr jede Reproduktion muss die schriftliche Zustimmung des Urheberrechtsinhabers im Voraus eingeholt werden.<\/p>\n\n<h3 class=\"wp-block-heading\">Schutz der Daten<\/h3>\n\n<p>Basierend auf Artikel 13 der Schweizer Bundesverfassung und den Datenschutzbestimmungen (Bundesgesetz \u00fcber den Datenschutz, DSG) hat jeder das Recht auf Privatsph\u00e4re und auf Schutz vor Missbrauch seiner pers\u00f6nlichen Daten. Wir halten uns an diese Bestimmungen. Pers\u00f6nliche Informationen sind streng vertraulich und werden nicht verkauft oder an Dritte weitergegeben. In enger Zusammenarbeit mit unserem Hosting-Provider unternehmen wir alle Anstrengungen, um die Datenbanken vor Zugriffen von au\u00dfen, Datenverlust, Missbrauch oder F\u00e4lschung zu sch\u00fctzen.<\/p>\n\n<p><br\/>Wenn Sie auf unsere Website zugreifen, werden folgende Daten in Logfiles gespeichert: IP-Adresse, Datum, Uhrzeit, Browser-Anfrage und allgemeine Informationen \u00fcber das Betriebssystem oder den Browser, die \u00fcbermittelt werden. Diese Nutzungsdaten bilden die Grundlage f\u00fcr anonyme statistische Auswertungen, so dass Trends erkennbar sind, mit deren Hilfe wir unsere Dienstleistungen verbessern k\u00f6nnen<\/p>\n","protected":false},"excerpt":{"rendered":"<p>Besitzer der Website Marion DevaudRue de la Faucille 111201 Genf \u2013 Schweiz Unterkunft Die Website thebow.ch wird gehostet vonInfomaniak Network SARue Eug\u00e8ne-Marziano 251227 Genf \u2013 SchweizN\u00b0 IDE &amp; TVA : CHE-103.167.648Telefon : +41 22 820 35 44 Design und Entwicklung der Website O&#8217;Matic Technologies SARLEsplanade de Pont-Rouge 9A1212 Grand-Lancy \u2013 Schweiz hello@o-matic.ch https:\/\/o-matic.ch Datenschutzrichtlinie Ausschluss [&hellip;]<\/p>\n","protected":false},"author":2,"featured_media":0,"parent":0,"menu_order":0,"comment_status":"closed","ping_status":"closed","template":"","meta":{"footnotes":""},"class_list":["post-152","page","type-page","status-publish","hentry"],"_links":{"self":[{"href":"https:\/\/thebow.ch\/de\/wp-json\/wp\/v2\/pages\/152","targetHints":{"allow":["GET"]}}],"collection":[{"href":"https:\/\/thebow.ch\/de\/wp-json\/wp\/v2\/pages"}],"about":[{"href":"https:\/\/thebow.ch\/de\/wp-json\/wp\/v2\/types\/page"}],"author":[{"embeddable":true,"href":"https:\/\/thebow.ch\/de\/wp-json\/wp\/v2\/users\/2"}],"replies":[{"embeddable":true,"href":"https:\/\/thebow.ch\/de\/wp-json\/wp\/v2\/comments?post=152"}],"version-history":[{"count":5,"href":"https:\/\/thebow.ch\/de\/wp-json\/wp\/v2\/pages\/152\/revisions"}],"predecessor-version":[{"id":362,"href":"https:\/\/thebow.ch\/de\/wp-json\/wp\/v2\/pages\/152\/revisions\/362"}],"wp:attachment":[{"href":"https:\/\/thebow.ch\/de\/wp-json\/wp\/v2\/media?parent=152"}],"curies":[{"name":"wp","href":"https:\/\/api.w.org\/{rel}","templated":true}]}}