{"id":143,"date":"2025-07-29T11:02:10","date_gmt":"2025-07-29T09:02:10","guid":{"rendered":"https:\/\/thebow.ch\/bow-violine-fuer-zeremonien\/"},"modified":"2025-09-04T12:06:43","modified_gmt":"2025-09-04T10:06:43","slug":"bow-violine-zeremonien","status":"publish","type":"page","link":"https:\/\/thebow.ch\/de\/bow-violine-zeremonien\/","title":{"rendered":"Bow; &#8211; Violine f\u00fcr Zeremonien"},"content":{"rendered":"\n<section class=\"wp-block-the-bow-the-bow-container container\">\n<div class=\"wp-block-columns are-vertically-aligned-center is-layout-flex wp-container-core-columns-is-layout-9d6595d7 wp-block-columns-is-layout-flex\">\n<div class=\"wp-block-column is-vertically-aligned-center is-layout-flow wp-block-column-is-layout-flow\">\n<figure class=\"wp-block-image size-large\"><img loading=\"lazy\" decoding=\"async\" width=\"682\" height=\"1024\" src=\"https:\/\/thebow.ch\/wp-content\/uploads\/2025\/07\/bow-marion-devaud-violon-ceremonies-682x1024.jpg\" alt=\"\" class=\"wp-image-8\" srcset=\"https:\/\/thebow.ch\/wp-content\/uploads\/2025\/07\/bow-marion-devaud-violon-ceremonies-682x1024.jpg 682w, https:\/\/thebow.ch\/wp-content\/uploads\/2025\/07\/bow-marion-devaud-violon-ceremonies-200x300.jpg 200w, https:\/\/thebow.ch\/wp-content\/uploads\/2025\/07\/bow-marion-devaud-violon-ceremonies.jpg 706w\" sizes=\"auto, (max-width: 682px) 100vw, 682px\" \/><\/figure>\n<\/div>\n\n\n\n<div class=\"wp-block-column is-vertically-aligned-center is-layout-flow wp-block-column-is-layout-flow\">\n<p>Bow; ist der einzigartige Ausdruck der Geigerin Marion Devaud und zeugt von einer reichen Karriere, die sie am Royal College of Music in London und anderen renommierten Institutionen aufgebaut hat.<\/p>\n\n\n\n<p>F\u00fcr die musikalische Begleitung sensibler und bewegender Anl\u00e4sse bietet Bow; subtile, einf\u00fchlsame Darbietungen. Bei Trauerfeiern und anderen sensiblen Momenten begleitet Sie die Geigerin auf einf\u00fchlsame Weise.<\/p>\n\n\n\n<p>Sie bewegt sich mit Leidenschaft zwischen der Welt der klassischen und der modernen Musik und hat unter anderem mit dem Orchestre de la Suisse Romande und dem Orchester des Verbier Festivals unter der Leitung von Dirigenten wie Valery Guerguiev und Bernard Haitink zusammengearbeitet. Ihr Talent wurde auch an der Seite legend\u00e4rer K\u00fcnstler wie Quincy Jones und Gilberto Gil auf den anspruchsvollen B\u00fchnen des Montreux Jazz, der Victoria Hall oder auch des Teatro Colon in Buenos Aires unter Beweis gestellt.<\/p>\n\n\n\n<div style=\"height:64px\" aria-hidden=\"true\" class=\"wp-block-spacer\"><\/div>\n\n\n\n<p class=\"has-text-align-center\"><strong><em>Bow;<\/em> ist ein musikalisches Erlebnis, bei dem die Virtuosit\u00e4t in den Dienst einer tiefen Sensibilit\u00e4t gestellt wird, um Ihren kostbaren Momenten der Besinnung einen sanften Rahmen zu verleihen.<\/strong><\/p>\n<\/div>\n<\/div>\n\n\n<div class=\"wp-block-image image__large\">\n<figure class=\"aligncenter size-full\"><img loading=\"lazy\" decoding=\"async\" width=\"2160\" height=\"1080\" src=\"https:\/\/thebow.ch\/wp-content\/uploads\/2025\/07\/bow-marion-devaud-violoniste.jpg\" alt=\"\" class=\"wp-image-10\" style=\"object-fit:cover\" srcset=\"https:\/\/thebow.ch\/wp-content\/uploads\/2025\/07\/bow-marion-devaud-violoniste.jpg 2160w, https:\/\/thebow.ch\/wp-content\/uploads\/2025\/07\/bow-marion-devaud-violoniste-300x150.jpg 300w, https:\/\/thebow.ch\/wp-content\/uploads\/2025\/07\/bow-marion-devaud-violoniste-1024x512.jpg 1024w, https:\/\/thebow.ch\/wp-content\/uploads\/2025\/07\/bow-marion-devaud-violoniste-768x384.jpg 768w, https:\/\/thebow.ch\/wp-content\/uploads\/2025\/07\/bow-marion-devaud-violoniste-1536x768.jpg 1536w, https:\/\/thebow.ch\/wp-content\/uploads\/2025\/07\/bow-marion-devaud-violoniste-2048x1024.jpg 2048w\" sizes=\"auto, (max-width: 2160px) 100vw, 2160px\" \/><\/figure>\n<\/div>\n\n\n<div class=\"wp-block-group\"><div class=\"wp-block-group__inner-container is-layout-constrained wp-block-group-is-layout-constrained\">\n<h2 class=\"wp-block-the-bow-the-bow-animated-title title-align-start title-type-italic\">Das Universum von Bow;<\/h2>\n\n\n\n<div style=\"height:20px\" aria-hidden=\"true\" class=\"wp-block-spacer\"><\/div>\n\n\n\n<p><em>Bow;<\/em> ist das Universum, in dem sich eine Karriere mit vielf\u00e4ltigen und prestigetr\u00e4chtigen musikalischen Erfahrungen kristallisiert, um einzigartige Momente zu schaffen. Von den intimsten bis zu den grandiosesten B\u00fchnen, von klassischen Kollaborationen bis zu den k\u00fchnsten Projekten, jede Note tr\u00e4gt die Spuren dieses eklektischen und erfolgreichen Werdegangs in sich.<\/p>\n\n\n\n<p>Zwischen klassischer Eleganz und zeitgen\u00f6ssischer K\u00fchnheit ist jede Darbietung eine ma\u00dfgeschneiderte Antwort auf Ihre Erwartungen, bei der die Virtuosit\u00e4t der Emotion dient. Lassen Sie sich von diesen Bildern tragen, in denen die Musik zum Echo Ihrer wertvollsten Momente wird.<\/p>\n<\/div><\/div>\n\n\n<div class=\"wp-block-the-bow-event-grid\">\n\t\t\t<ul class=\"wp-block-the-bow-event-grid__items\">\n\t\t\t\t\t\t\t<li class=\"wp-block-the-bow-event-grid__item\">\n\t\t\t\t\t<button class=\"wp-block-the-bow-event-grid__item-player\" data-video-url=\"https:\/\/thebow.ch\/wp-content\/uploads\/2025\/07\/Bow-Marion-Devaud-Yann-Tiersen.mp4\" aria-label=\"Show video from Bow; \/ \u00ab\u00a0Sur le fil\u00a0\u00bb\">\n\t\t\t\t\t<\/button>\n\t\t\t\t\t<figure class=\"wp-block-the-bow-event-grid__item-image\">\n\t\t\t\t\t\t<img decoding=\"async\" src=\"https:\/\/thebow.ch\/wp-content\/uploads\/2025\/07\/marion-devaud-bow-thumbnail-sur-le-fil.jpg\" alt=\"Bow; \/ \u00ab\u00a0Sur le fil\u00a0\u00bb\">\n\t\t\t\t\t<\/figure>\n\t\t\t\t\t<div class=\"wp-block-the-bow-event-grid__item-content\">\n\t\t\t\t\t\t<img loading=\"lazy\" decoding=\"async\" src=\"https:\/\/thebow.ch\/wp-content\/plugins\/the-bow-blocks\/\/img\/play-button.svg\" alt=\"Play\" width=\"36\" height=\"36\" aria-hidden=\"true\" \/>\n\t\t\t\t\t\t<h3 class=\"wp-block-the-bow-event-grid__item-title\">Bow; \/ \u00ab\u00a0Sur le fil\u00a0\u00bb<\/h3>\n\t\t\t\t\t<\/div>\n\t\t\t\t<\/li>\n\t\t\t\t\t\t\t<li class=\"wp-block-the-bow-event-grid__item\">\n\t\t\t\t\t<button class=\"wp-block-the-bow-event-grid__item-player\" data-video-url=\"https:\/\/thebow.ch\/wp-content\/uploads\/2025\/07\/Les_Valseuses.mp4\" aria-label=\"Show video from Bow;  \/ \u00ab\u00a0Les Valseuses\u00a0\u00bb\">\n\t\t\t\t\t<\/button>\n\t\t\t\t\t<figure class=\"wp-block-the-bow-event-grid__item-image\">\n\t\t\t\t\t\t<img decoding=\"async\" src=\"https:\/\/thebow.ch\/wp-content\/uploads\/2025\/07\/marion-devaud-bow-thumbnail-les-valseuses-1.jpg\" alt=\"Bow;  \/ \u00ab\u00a0Les Valseuses\u00a0\u00bb\">\n\t\t\t\t\t<\/figure>\n\t\t\t\t\t<div class=\"wp-block-the-bow-event-grid__item-content\">\n\t\t\t\t\t\t<img loading=\"lazy\" decoding=\"async\" src=\"https:\/\/thebow.ch\/wp-content\/plugins\/the-bow-blocks\/\/img\/play-button.svg\" alt=\"Play\" width=\"36\" height=\"36\" aria-hidden=\"true\" \/>\n\t\t\t\t\t\t<h3 class=\"wp-block-the-bow-event-grid__item-title\">Bow;  \/ \u00ab\u00a0Les Valseuses\u00a0\u00bb<\/h3>\n\t\t\t\t\t<\/div>\n\t\t\t\t<\/li>\n\t\t\t\t\t<\/ul>\n\t<\/div>\n\n\n\n<div class=\"wp-block-columns is-layout-flex wp-container-core-columns-is-layout-9d6595d7 wp-block-columns-is-layout-flex\">\n<div class=\"wp-block-column is-layout-flow wp-block-column-is-layout-flow\">\n<h3 class=\"wp-block-the-bow-the-bow-animated-title title-align-start title-type-italic\">Entdecken Sie mehr auf Instagram<\/h3>\n\n\n\n<p>\u2192 <a href=\"https:\/\/www.instagram.com\/bow.concerts\/\" target=\"_blank\" rel=\"noopener\"><em>@bow.concerts<\/em><\/a><\/p>\n<\/div>\n\n\n\n<div class=\"wp-block-column is-layout-flow wp-block-column-is-layout-flow\" style=\"flex-basis:80%\">\n<figure class=\"wp-block-gallery has-nested-images columns-4 is-cropped wp-block-gallery-1 is-layout-flex wp-block-gallery-is-layout-flex\">\n<figure class=\"wp-block-image size-large\"><a href=\"https:\/\/www.instagram.com\/bow.concerts\/\" target=\"_blank\" rel=\"noopener\"><img loading=\"lazy\" decoding=\"async\" width=\"262\" height=\"306\" data-id=\"39\" src=\"https:\/\/thebow.ch\/wp-content\/uploads\/2025\/07\/Bow-Marion-Devaud-Instagram-4.jpg\" alt=\"\" class=\"wp-image-39\" srcset=\"https:\/\/thebow.ch\/wp-content\/uploads\/2025\/07\/Bow-Marion-Devaud-Instagram-4.jpg 262w, https:\/\/thebow.ch\/wp-content\/uploads\/2025\/07\/Bow-Marion-Devaud-Instagram-4-257x300.jpg 257w\" sizes=\"auto, (max-width: 262px) 100vw, 262px\" \/><\/a><\/figure>\n\n\n\n<figure class=\"wp-block-image size-large\"><a href=\"https:\/\/www.instagram.com\/bow.concerts\/\" target=\"_blank\" rel=\"noopener\"><img loading=\"lazy\" decoding=\"async\" width=\"263\" height=\"306\" data-id=\"37\" src=\"https:\/\/thebow.ch\/wp-content\/uploads\/2025\/07\/Bow-Marion-Devaud-Instagram-3.jpg\" alt=\"\" class=\"wp-image-37\" srcset=\"https:\/\/thebow.ch\/wp-content\/uploads\/2025\/07\/Bow-Marion-Devaud-Instagram-3.jpg 263w, https:\/\/thebow.ch\/wp-content\/uploads\/2025\/07\/Bow-Marion-Devaud-Instagram-3-258x300.jpg 258w\" sizes=\"auto, (max-width: 263px) 100vw, 263px\" \/><\/a><\/figure>\n\n\n\n<figure class=\"wp-block-image size-large\"><a href=\"https:\/\/www.instagram.com\/bow.concerts\/\" target=\"_blank\" rel=\"noopener\"><img loading=\"lazy\" decoding=\"async\" width=\"263\" height=\"306\" data-id=\"34\" src=\"https:\/\/thebow.ch\/wp-content\/uploads\/2025\/07\/Bow-Marion-Devaud-Instagram-1.jpg\" alt=\"\" class=\"wp-image-34\" srcset=\"https:\/\/thebow.ch\/wp-content\/uploads\/2025\/07\/Bow-Marion-Devaud-Instagram-1.jpg 263w, https:\/\/thebow.ch\/wp-content\/uploads\/2025\/07\/Bow-Marion-Devaud-Instagram-1-258x300.jpg 258w\" sizes=\"auto, (max-width: 263px) 100vw, 263px\" \/><\/a><\/figure>\n\n\n\n<figure class=\"wp-block-image size-large\"><a href=\"https:\/\/www.instagram.com\/bow.concerts\/\" target=\"_blank\" rel=\"noopener\"><img loading=\"lazy\" decoding=\"async\" width=\"263\" height=\"306\" data-id=\"33\" src=\"https:\/\/thebow.ch\/wp-content\/uploads\/2025\/07\/Bow-Marion-Devaud-Instagram-2.jpg\" alt=\"\" class=\"wp-image-33\" srcset=\"https:\/\/thebow.ch\/wp-content\/uploads\/2025\/07\/Bow-Marion-Devaud-Instagram-2.jpg 263w, https:\/\/thebow.ch\/wp-content\/uploads\/2025\/07\/Bow-Marion-Devaud-Instagram-2-258x300.jpg 258w\" sizes=\"auto, (max-width: 263px) 100vw, 263px\" \/><\/a><\/figure>\n<\/figure>\n<\/div>\n<\/div>\n\n\n\n<h2 class=\"wp-block-the-bow-the-bow-animated-title title-align-center title-type-italic\">Der Sound der Kunden<\/h2>\n\n\n\t<div class=\"glide wp-block-the-bow-the-bow-testimonial-slider\">\n\t\t<div class=\"glide__track\" data-glide-el=\"track\">\n\t\t\t<ul class=\"glide__slides\">\n\t\t\t\t\t\t\t\t\t\t<li class=\"glide__slide\">\n\t\t\t\t\t\t\t<blockquote class=\"testimonials__slide\">\n\t\t\t\t\t\t\t\t<p class=\"testimonials__slide-content\">Marion hat die Beerdigung unseres Vaters mit einer Feinf\u00fchligkeit und Empathie begleitet, die uns tief ber\u00fchrt hat. Sie war einfach da, ohne Worte, nur mit ihrer Musik und ihrer wohlwollenden Pr\u00e4senz. Eine wertvolle Unterst\u00fctzung in dieser schwierigen Zeit.  <\/p>\n\t\t\t\t\t\t\t\t<cite class=\"testimonials__slide-author\">Familie Laurent<\/cite>\n\t\t\t\t\t\t\t<\/blockquote>\n\t\t\t\t\t\t<\/li>\n\t\t\t\t\t\t\t\t\t\t<li class=\"glide__slide\">\n\t\t\t\t\t\t\t<blockquote class=\"testimonials__slide\">\n\t\t\t\t\t\t\t\t<p class=\"testimonials__slide-content\">Marion spielte bei unserer Hochzeit im Freien unter B\u00e4umen. Sie passte sich der nat\u00fcrlichen Akustik des Ortes an und schuf eine magische Atmosph\u00e4re zwischen Emotion und Leichtigkeit. Sie lernte sogar ein spezielles St\u00fcck f\u00fcr unseren ersten Tanz, was diesen Moment noch einzigartiger machte. Vielen Dank f\u00fcr diesen Hauch von Poesie und Virtuosit\u00e4t.   <\/p>\n\t\t\t\t\t\t\t\t<cite class=\"testimonials__slide-author\">Muriel und Fabien<\/cite>\n\t\t\t\t\t\t\t<\/blockquote>\n\t\t\t\t\t\t<\/li>\n\t\t\t\t\t\t\t\t\t\t<li class=\"glide__slide\">\n\t\t\t\t\t\t\t<blockquote class=\"testimonials__slide\">\n\t\t\t\t\t\t\t\t<p class=\"testimonials__slide-content\">Marion begleitete unsere Hochzeit mit Anmut und Einf\u00fchlungsverm\u00f6gen. Sie spielte w\u00e4hrend der Zeremonie und improvisierte dann St\u00fccke, die auf die Stimmung beim Abendessen abgestimmt waren. Ihr Austausch mit unseren G\u00e4sten und ihre F\u00e4higkeit, eine Verbindung herzustellen, machten aus ihr weit mehr als eine Musikerin: eine echte Komplizin unseres Tages. Ein riesiges Dankesch\u00f6n f\u00fcr diese unvergesslichen Erinnerungen.<\/p>\n\t\t\t\t\t\t\t\t<cite class=\"testimonials__slide-author\">Natalia und Malik<\/cite>\n\t\t\t\t\t\t\t<\/blockquote>\n\t\t\t\t\t\t<\/li>\n\t\t\t\t\t\t\t<\/ul>\n\t\t<\/div>\n\t\t<div class=\"glide__bullets testimonials__navigation\" data-glide-el=\"controls[nav]\">\n\t\t\t\t\t\t\t<button class=\"glide__bullet testimonials__navigation-bullet\" data-glide-dir=\"=0\">\n\t\t\t\t\t<span class=\"visually-hidden\">Slide 1<\/span>\n\t\t\t\t<\/button>\n\t\t\t\t\t\t\t<button class=\"glide__bullet testimonials__navigation-bullet\" data-glide-dir=\"=1\">\n\t\t\t\t\t<span class=\"visually-hidden\">Slide 2<\/span>\n\t\t\t\t<\/button>\n\t\t\t\t\t\t\t<button class=\"glide__bullet testimonials__navigation-bullet\" data-glide-dir=\"=2\">\n\t\t\t\t\t<span class=\"visually-hidden\">Slide 3<\/span>\n\t\t\t\t<\/button>\n\t\t\t\t\t<\/div>\n\t<\/div>\n\n\n\n<div class=\"wp-block-columns is-layout-flex wp-container-core-columns-is-layout-9d6595d7 wp-block-columns-is-layout-flex\" id=\"contact\">\n<div class=\"wp-block-column is-layout-flow wp-block-column-is-layout-flow\">\n<div class=\"wp-block-the-bow-the-bow-unusual-alignment\">\n<h2 class=\"wp-block-the-bow-the-bow-animated-title title-align-start title-type-italic\">Kontakt<\/h2>\n\n\n\n<p>marion@thebow.ch<br>+41 (0) 79 744 25 58<\/p>\n<\/div>\n\n\n\n<div style=\"height:20px\" aria-hidden=\"true\" class=\"wp-block-spacer\"><\/div>\n\n\n\n<p class=\"has-small-font-size\"><em>Konzert und Intervention ab 600CHF<\/em><\/p>\n<\/div>\n\n\n\n<div class=\"wp-block-column is-layout-flow wp-block-column-is-layout-flow\">\n<div class=\"wpcf7 no-js\" id=\"wpcf7-f126-o1\" lang=\"de-DE\" dir=\"ltr\" data-wpcf7-id=\"126\">\n<div class=\"screen-reader-response\"><p role=\"status\" aria-live=\"polite\" aria-atomic=\"true\"><\/p> <ul><\/ul><\/div>\n<form action=\"\/de\/wp-json\/wp\/v2\/pages\/143#wpcf7-f126-o1\" method=\"post\" class=\"wpcf7-form init\" aria-label=\"Kontaktformular\" novalidate=\"novalidate\" data-status=\"init\">\n<fieldset class=\"hidden-fields-container\"><input type=\"hidden\" name=\"_wpcf7\" value=\"126\" \/><input type=\"hidden\" name=\"_wpcf7_version\" value=\"6.1.5\" \/><input type=\"hidden\" name=\"_wpcf7_locale\" value=\"de_DE\" \/><input type=\"hidden\" name=\"_wpcf7_unit_tag\" value=\"wpcf7-f126-o1\" \/><input type=\"hidden\" name=\"_wpcf7_container_post\" value=\"0\" \/><input type=\"hidden\" name=\"_wpcf7_posted_data_hash\" value=\"\" \/><input type=\"hidden\" name=\"_wpcf7_recaptcha_response\" value=\"\" \/>\n<\/fieldset>\n<p><label> Vor- und Nachname*<br \/>\n<span class=\"wpcf7-form-control-wrap\" data-name=\"your-name\"><input size=\"40\" maxlength=\"400\" class=\"wpcf7-form-control wpcf7-text wpcf7-validates-as-required\" autocomplete=\"name\" aria-required=\"true\" aria-invalid=\"false\" value=\"\" type=\"text\" name=\"your-name\" \/><\/span> <\/label>\n<\/p>\n<p><label> E-mail*<br \/>\n<span class=\"wpcf7-form-control-wrap\" data-name=\"email\"><input size=\"40\" maxlength=\"400\" class=\"wpcf7-form-control wpcf7-email wpcf7-validates-as-required wpcf7-text wpcf7-validates-as-email\" autocomplete=\"email\" aria-required=\"true\" aria-invalid=\"false\" value=\"\" type=\"email\" name=\"email\" \/><\/span> <\/label>\n<\/p>\n<p><label> Telefon<br \/>\n<span class=\"wpcf7-form-control-wrap\" data-name=\"tel\"><input size=\"40\" maxlength=\"400\" class=\"wpcf7-form-control wpcf7-tel wpcf7-text wpcf7-validates-as-tel\" autocomplete=\"tel\" aria-invalid=\"false\" value=\"\" type=\"tel\" name=\"tel\" \/><\/span> <\/label>\n<\/p>\n<p><label> Datum der Veranstaltung<br \/>\n<span class=\"wpcf7-form-control-wrap\" data-name=\"date-event\"><input class=\"wpcf7-form-control wpcf7-date wpcf7-validates-as-date\" min=\"2026-04-28\" aria-invalid=\"false\" value=\"2026-04-28\" type=\"date\" name=\"date-event\" \/><\/span> <\/label><br \/>\n<span class=\"wpcf7-form-control-wrap\" data-name=\"checkbox-no-date\"><span class=\"wpcf7-form-control wpcf7-checkbox checkbox-no-date\"><span class=\"wpcf7-list-item first last\"><label><input type=\"checkbox\" name=\"checkbox-no-date[]\" value=\"Ich wei\u00df es noch nich\" \/><span class=\"wpcf7-list-item-label\">Ich wei\u00df es noch nich<\/span><\/label><\/span><\/span><\/span>\n<\/p>\n<p><label> Ort<br \/>\n<span class=\"wpcf7-form-control-wrap\" data-name=\"place\"><input size=\"40\" maxlength=\"400\" class=\"wpcf7-form-control wpcf7-text\" aria-invalid=\"false\" placeholder=\"Beispiel: Beau-Rivage, Privatgrundst\u00fcck\u2026\" value=\"\" type=\"text\" name=\"place\" \/><\/span><br \/>\n<\/label>\n<\/p>\n<p><label> Art des Veranstaltungsortes<br \/>\n<span class=\"wpcf7-form-control-wrap\" data-name=\"select-place\"><select class=\"wpcf7-form-control wpcf7-select\" aria-invalid=\"false\" name=\"select-place\"><option value=\"\">Innen\/Au\u00dfen<\/option><option value=\"Innen\">Innen<\/option><option value=\"Au\u00dfen\">Au\u00dfen<\/option><option value=\"Beides\">Beides<\/option><\/select><\/span> <\/label>\n<\/p>\n<p><label> Die Bewegung<br \/>\n<span class=\"wpcf7-form-control-wrap\" data-name=\"select-mouvement\"><select class=\"wpcf7-form-control wpcf7-select\" aria-invalid=\"false\" name=\"select-mouvement\"><option value=\"\">W\u00e4hlen Sie ein Paket<\/option><option value=\"Klassisch &amp; elegant\">Klassisch &amp; elegant<\/option><option value=\"Cover &amp; aktuell\">Cover &amp; aktuell<\/option><option value=\"Violine &amp; DJ\">Violine &amp; DJ<\/option><option value=\"Ich wei\u00df es noch nicht\">Ich wei\u00df es noch nicht<\/option><\/select><\/span> <\/label>\n<\/p>\n<p><label> Die Vision*<br \/>\n<span class=\"wpcf7-form-control-wrap\" data-name=\"message\"><textarea cols=\"40\" rows=\"10\" maxlength=\"2000\" class=\"wpcf7-form-control wpcf7-textarea wpcf7-validates-as-required\" aria-required=\"true\" aria-invalid=\"false\" placeholder=\"Beschreiben Sie uns die gew\u00fcnschte Atmosph\u00e4re, die Kleiderordnung, das Ambiente\u2026\" name=\"message\"><\/textarea><\/span> <\/label>\n<\/p>\n<p class=\"has-small-font-size\">*Mit dem Absenden einer Nachricht \u00fcber dieses Formular erkl\u00e4ren Sie sich mit den Allgemeinen Gesch\u00e4ftsbedingungen dieser Website einverstanden.\n<\/p>\n<p><input class=\"wpcf7-form-control wpcf7-submit has-spinner\" type=\"submit\" value=\"Senden\" \/>\n<\/p><div class=\"wpcf7-response-output\" aria-hidden=\"true\"><\/div>\n<\/form>\n<\/div>\n\n<\/div>\n<\/div>\n<\/section>\n","protected":false},"excerpt":{"rendered":"","protected":false},"author":1,"featured_media":0,"parent":0,"menu_order":0,"comment_status":"closed","ping_status":"closed","template":"templates\/page-with-header.php","meta":{"footnotes":""},"class_list":["post-143","page","type-page","status-publish","hentry"],"_links":{"self":[{"href":"https:\/\/thebow.ch\/de\/wp-json\/wp\/v2\/pages\/143","targetHints":{"allow":["GET"]}}],"collection":[{"href":"https:\/\/thebow.ch\/de\/wp-json\/wp\/v2\/pages"}],"about":[{"href":"https:\/\/thebow.ch\/de\/wp-json\/wp\/v2\/types\/page"}],"author":[{"embeddable":true,"href":"https:\/\/thebow.ch\/de\/wp-json\/wp\/v2\/users\/1"}],"replies":[{"embeddable":true,"href":"https:\/\/thebow.ch\/de\/wp-json\/wp\/v2\/comments?post=143"}],"version-history":[{"count":6,"href":"https:\/\/thebow.ch\/de\/wp-json\/wp\/v2\/pages\/143\/revisions"}],"predecessor-version":[{"id":370,"href":"https:\/\/thebow.ch\/de\/wp-json\/wp\/v2\/pages\/143\/revisions\/370"}],"wp:attachment":[{"href":"https:\/\/thebow.ch\/de\/wp-json\/wp\/v2\/media?parent=143"}],"curies":[{"name":"wp","href":"https:\/\/api.w.org\/{rel}","templated":true}]}}